{"id":796,"date":"2022-06-11T12:02:10","date_gmt":"2022-06-11T10:02:10","guid":{"rendered":"https:\/\/www.kellenbillot.fr\/?page_id=796"},"modified":"2022-10-10T09:29:57","modified_gmt":"2022-10-10T07:29:57","slug":"orcamento-personalizado","status":"publish","type":"page","link":"https:\/\/www.kellenbillot.fr\/?page_id=796&lang=pt-br","title":{"rendered":"Or\u00e7amento personalizado"},"content":{"rendered":"<p>[et_pb_section fb_built=\u00a0\u00bb1&Prime; admin_label=\u00a0\u00bbHero\u00a0\u00bb _builder_version=\u00a0\u00bb4.17.3&Prime; _module_preset=\u00a0\u00bbdefault\u00a0\u00bb background_color=\u00a0\u00bb#326497&Prime; use_background_color_gradient=\u00a0\u00bbon\u00a0\u00bb background_color_gradient_direction=\u00a0\u00bb160deg\u00a0\u00bb background_color_gradient_stops=\u00a0\u00bb#326497 0%|#326497 100%\u00a0\u00bb background_color_gradient_start=\u00a0\u00bb#003bde\u00a0\u00bb background_color_gradient_end=\u00a0\u00bb#58d0ff\u00a0\u00bb custom_padding=\u00a0\u00bb|0px|120px|0px|false|false\u00a0\u00bb bottom_divider_style=\u00a0\u00bbcurve\u00a0\u00bb bottom_divider_color=\u00a0\u00bb#ffffff\u00a0\u00bb global_colors_info=\u00a0\u00bb{}\u00a0\u00bb][et_pb_row _builder_version=\u00a0\u00bb4.17.3&Prime; _module_preset=\u00a0\u00bbdefault\u00a0\u00bb width=\u00a0\u00bb31%\u00a0\u00bb hover_enabled=\u00a0\u00bb0&Prime; global_colors_info=\u00a0\u00bb{}\u00a0\u00bb sticky_enabled=\u00a0\u00bb0&Prime;][et_pb_column type=\u00a0\u00bb4_4&Prime; _builder_version=\u00a0\u00bb4.16&Prime; _module_preset=\u00a0\u00bbdefault\u00a0\u00bb custom_padding=\u00a0\u00bb|||\u00a0\u00bb global_colors_info=\u00a0\u00bb{}\u00a0\u00bb custom_padding__hover=\u00a0\u00bb|||\u00a0\u00bb][et_pb_text _builder_version=\u00a0\u00bb4.18.0&Prime; _module_preset=\u00a0\u00bbdefault\u00a0\u00bb text_font=\u00a0\u00bbMontserrat|300|||||||\u00a0\u00bb text_font_size=\u00a0\u00bb16px\u00a0\u00bb text_line_height=\u00a0\u00bb2em\u00a0\u00bb header_font=\u00a0\u00bb||||||||\u00a0\u00bb header_font_size=\u00a0\u00bb40px\u00a0\u00bb header_line_height=\u00a0\u00bb1.4em\u00a0\u00bb background_layout=\u00a0\u00bbdark\u00a0\u00bb max_width=\u00a0\u00bb600px\u00a0\u00bb custom_margin=\u00a0\u00bb|-256px|30px|||\u00a0\u00bb custom_margin_last_edited=\u00a0\u00bboff|desktop\u00a0\u00bb custom_padding=\u00a0\u00bb|7px||||\u00a0\u00bb hover_enabled=\u00a0\u00bb0&Prime; header_font_size_tablet=\u00a0\u00bb30px\u00a0\u00bb header_font_size_phone=\u00a0\u00bb24px\u00a0\u00bb header_font_size_last_edited=\u00a0\u00bbon|desktop\u00a0\u00bb global_colors_info=\u00a0\u00bb{}\u00a0\u00bb disabled_on=\u00a0\u00bbon|on|off\u00a0\u00bb sticky_enabled=\u00a0\u00bb0&Prime;]<\/p>\n<h1 style=\"text-align: center;\">Or\u00e7amento personalizado<\/h1>\n<p style=\"text-align: center;\">Um documento espec\u00edfico, servi\u00e7o de interpreta\u00e7\u00e3o e outros pedidos.<\/p>\n<p>[\/et_pb_text][\/et_pb_column][\/et_pb_row][et_pb_row _builder_version=\u00a0\u00bb4.18.0&Prime; _module_preset=\u00a0\u00bbdefault\u00a0\u00bb][et_pb_column _builder_version=\u00a0\u00bb4.18.0&Prime; _module_preset=\u00a0\u00bbdefault\u00a0\u00bb type=\u00a0\u00bb4_4&Prime;][et_pb_text _builder_version=\u00a0\u00bb4.18.0&Prime; _module_preset=\u00a0\u00bbdefault\u00a0\u00bb disabled_on=\u00a0\u00bboff|off|on\u00a0\u00bb hover_enabled=\u00a0\u00bb0&Prime; sticky_enabled=\u00a0\u00bb0&Prime;]<\/p>\n<h1 style=\"text-align: center;\"><span style=\"color: #ffffff;\">Or\u00e7amento personalizado<\/span><\/h1>\n<p style=\"text-align: center;\"><span style=\"color: #ffffff;\">Um documento espec\u00edfico, servi\u00e7o de interpreta\u00e7\u00e3o e outros pedidos.<\/span><\/p>\n<p>[\/et_pb_text][\/et_pb_column][\/et_pb_row][\/et_pb_section][et_pb_section fb_built=\u00a0\u00bb1&Prime; admin_label=\u00a0\u00bbPolicies\u00a0\u00bb _builder_version=\u00a0\u00bb4.16&Prime; _module_preset=\u00a0\u00bbdefault\u00a0\u00bb background_color=\u00a0\u00bbrgba(255,255,255,0)\u00a0\u00bb custom_padding=\u00a0\u00bb0|0px|58px|0px|false|false\u00a0\u00bb global_colors_info=\u00a0\u00bb{}\u00a0\u00bb][et_pb_row _builder_version=\u00a0\u00bb4.17.3&Prime; _module_preset=\u00a0\u00bbdefault\u00a0\u00bb custom_margin=\u00a0\u00bb-80px|||\u00a0\u00bb custom_margin_tablet=\u00a0\u00bb\u00a0\u00bb custom_margin_phone=\u00a0\u00bb\u00a0\u00bb custom_margin_last_edited=\u00a0\u00bbon|tablet\u00a0\u00bb custom_padding=\u00a0\u00bb0|0px|0px|0px|false|false\u00a0\u00bb global_colors_info=\u00a0\u00bb{}\u00a0\u00bb][et_pb_column type=\u00a0\u00bb4_4&Prime; _builder_version=\u00a0\u00bb4.16&Prime; _module_preset=\u00a0\u00bbdefault\u00a0\u00bb custom_padding=\u00a0\u00bb|||\u00a0\u00bb global_colors_info=\u00a0\u00bb{}\u00a0\u00bb custom_padding__hover=\u00a0\u00bb|||\u00a0\u00bb][et_pb_blurb content_max_width=\u00a0\u00bb1100px\u00a0\u00bb _builder_version=\u00a0\u00bb4.18.0&Prime; _module_preset=\u00a0\u00bbdefault\u00a0\u00bb header_font=\u00a0\u00bb||||||||\u00a0\u00bb header_line_height=\u00a0\u00bb1.6em\u00a0\u00bb body_font=\u00a0\u00bbMontserrat|300|||||||\u00a0\u00bb body_font_size=\u00a0\u00bb16px\u00a0\u00bb body_line_height=\u00a0\u00bb2em\u00a0\u00bb background_color=\u00a0\u00bb#ffffff\u00a0\u00bb custom_padding=\u00a0\u00bb30px|30px|30px|30px|true|true\u00a0\u00bb animation_style=\u00a0\u00bbzoom\u00a0\u00bb animation_intensity_zoom=\u00a0\u00bb10%\u00a0\u00bb animation=\u00a0\u00bboff\u00a0\u00bb border_radii=\u00a0\u00bbon|10px|10px|10px|10px\u00a0\u00bb box_shadow_style=\u00a0\u00bbpreset3&Prime; box_shadow_vertical=\u00a0\u00bb10px\u00a0\u00bb box_shadow_blur=\u00a0\u00bb80px\u00a0\u00bb box_shadow_spread=\u00a0\u00bb-10px\u00a0\u00bb box_shadow_color=\u00a0\u00bbrgba(44,54,92,0.2)\u00a0\u00bb global_colors_info=\u00a0\u00bb{}\u00a0\u00bb]<\/p>\n<p style=\"text-align: left;\"><div class=\"forminator-ui forminator-custom-form forminator-custom-form-837 forminator-design--flat  forminator_ajax\" data-forminator-render=\"0\" data-form=\"forminator-module-837\" data-uid=\"69e1e41cd9467\"><br\/><\/div><form\n\t\t\t\tid=\"forminator-module-837\"\n\t\t\t\tclass=\"forminator-ui forminator-custom-form forminator-custom-form-837 forminator-design--flat  forminator_ajax\"\n\t\t\t\tmethod=\"post\"\n\t\t\t\tdata-forminator-render=\"0\"\n\t\t\t\tdata-form-id=\"837\"\n\t\t\t\tenctype=\"multipart\/form-data\" data-color-option=\"default\" data-design=\"flat\" data-grid=\"open\" style=\"display: none;\"\n\t\t\t\tdata-uid=\"69e1e41cd9467\"\n\t\t\t><div role=\"alert\" aria-live=\"polite\" class=\"forminator-response-message forminator-error\" aria-hidden=\"true\"><\/div><div class=\"forminator-row\"><div id=\"checkbox-1\" class=\"forminator-field-checkbox forminator-col forminator-col-12 \"><div role=\"group\" class=\"forminator-field required\" aria-labelledby=\"forminator-checkbox-group-forminator-field-checkbox-1-69e1e41cd9467-label\"><span id=\"forminator-checkbox-group-forminator-field-checkbox-1-69e1e41cd9467-label\" class=\"forminator-label\">Servi\u00e7os <span class=\"forminator-required\">*<\/span><\/span><label id=\"forminator-field-checkbox-1-1-69e1e41cd9467-label\" for=\"forminator-field-checkbox-1-1-69e1e41cd9467\" class=\"forminator-checkbox forminator-checkbox-inline\" title=\"Tradu\u00e7\u00e3o de documento\"><input type=\"checkbox\" name=\"checkbox-1[]\" value=\"Traduction-de-document\" id=\"forminator-field-checkbox-1-1-69e1e41cd9467\" aria-labelledby=\"forminator-field-checkbox-1-1-69e1e41cd9467-label\" data-calculation=\"0\"  \/><span class=\"forminator-checkbox-box\" aria-hidden=\"true\"><\/span><span class=\"forminator-checkbox-label\">Tradu\u00e7\u00e3o de documento<\/span><\/label><label id=\"forminator-field-checkbox-1-2-69e1e41cd9467-label\" for=\"forminator-field-checkbox-1-2-69e1e41cd9467\" class=\"forminator-checkbox forminator-checkbox-inline\" title=\"Interpreta\u00e7\u00e3o\"><input type=\"checkbox\" name=\"checkbox-1[]\" value=\"Interpr\u00e9tation\" id=\"forminator-field-checkbox-1-2-69e1e41cd9467\" aria-labelledby=\"forminator-field-checkbox-1-2-69e1e41cd9467-label\" data-calculation=\"0\"  \/><span class=\"forminator-checkbox-box\" aria-hidden=\"true\"><\/span><span class=\"forminator-checkbox-label\">Interpreta\u00e7\u00e3o<\/span><\/label><label id=\"forminator-field-checkbox-1-3-69e1e41cd9467-label\" for=\"forminator-field-checkbox-1-3-69e1e41cd9467\" class=\"forminator-checkbox forminator-checkbox-inline\" title=\"Cursos online\"><input type=\"checkbox\" name=\"checkbox-1[]\" value=\"Formation-\u00e0-distance\" id=\"forminator-field-checkbox-1-3-69e1e41cd9467\" aria-labelledby=\"forminator-field-checkbox-1-3-69e1e41cd9467-label\" data-calculation=\"0\"  \/><span class=\"forminator-checkbox-box\" aria-hidden=\"true\"><\/span><span class=\"forminator-checkbox-label\">Cursos online<\/span><\/label><label id=\"forminator-field-checkbox-1-4-69e1e41cd9467-label\" for=\"forminator-field-checkbox-1-4-69e1e41cd9467\" class=\"forminator-checkbox forminator-checkbox-inline\" title=\"Outros pedidos\"><input type=\"checkbox\" name=\"checkbox-1[]\" value=\"Autres-demandes\" id=\"forminator-field-checkbox-1-4-69e1e41cd9467\" aria-labelledby=\"forminator-field-checkbox-1-4-69e1e41cd9467-label\" data-calculation=\"0\"  \/><span class=\"forminator-checkbox-box\" aria-hidden=\"true\"><\/span><span class=\"forminator-checkbox-label\">Outros pedidos<\/span><\/label><\/div><\/div><\/div><div class=\"forminator-row\"><div id=\"textarea-1\" class=\"forminator-field-textarea forminator-col forminator-col-12 \"><div class=\"forminator-field\"><label for=\"forminator-field-textarea-1_69e1e41cd9467\" id=\"forminator-field-textarea-1_69e1e41cd9467-label\" class=\"forminator-label\">Mensagem <span class=\"forminator-required\">*<\/span><\/label><textarea name=\"textarea-1\" placeholder=\"\" id=\"forminator-field-textarea-1_69e1e41cd9467\" class=\"forminator-textarea\" rows=\"6\" style=\"min-height:100px;\" maxlength=\"180\" ><\/textarea><span id=\"forminator-field-textarea-1_69e1e41cd9467-description\" class=\"forminator-description\"><span data-limit=\"180\" data-type=\"characters\" data-editor=\"\">0 \/ 180<\/span><\/span><\/div><\/div><\/div><div class=\"forminator-row\"><div id=\"name-1\" class=\"forminator-field-name forminator-col forminator-col-12 \"><div class=\"forminator-row forminator-no-margin\" data-multiple=\"true\"><div class=\"forminator-col forminator-col-md-6\"><div class=\"forminator-field\"><label for=\"forminator-field-first-name-1_69e1e41cd9467\" id=\"forminator-field-first-name-1_69e1e41cd9467-label\" class=\"forminator-label\">Nome <span class=\"forminator-required\">*<\/span><\/label><input type=\"text\" name=\"name-1-first-name\" placeholder=\"\" id=\"forminator-field-first-name-1_69e1e41cd9467\" class=\"forminator-input\" aria-required=\"true\" data-multi=\"1\" autocomplete=\"given-name\" value=\"\" \/><\/div><\/div><div class=\"forminator-col forminator-col-md-6\"><div class=\"forminator-field\"><label for=\"forminator-field-last-name-1_69e1e41cd9467\" id=\"forminator-field-last-name-1_69e1e41cd9467-label\" class=\"forminator-label\">Sobrenome <span class=\"forminator-required\">*<\/span><\/label><input type=\"text\" name=\"name-1-last-name\" placeholder=\"\" id=\"forminator-field-last-name-1_69e1e41cd9467\" class=\"forminator-input\" aria-required=\"true\" data-multi=\"1\" autocomplete=\"family-name\" value=\"\" \/><\/div><\/div><\/div><\/div><\/div><div class=\"forminator-row\"><div id=\"email-1\" class=\"forminator-field-email forminator-col forminator-col-12 \"><div class=\"forminator-field\"><label for=\"forminator-field-email-1_69e1e41cd9467\" id=\"forminator-field-email-1_69e1e41cd9467-label\" class=\"forminator-label\">Email <span class=\"forminator-required\">*<\/span><\/label><input type=\"email\" name=\"email-1\" value=\"\" placeholder=\"\" id=\"forminator-field-email-1_69e1e41cd9467\" class=\"forminator-input forminator-email--field\" data-required=\"true\" aria-required=\"true\" autocomplete=\"email\" \/><\/div><\/div><\/div><div class=\"forminator-row\"><div id=\"phone-1\" class=\"forminator-field-phone forminator-col forminator-col-12 \"><div class=\"forminator-field\"><label for=\"forminator-field-phone-1_69e1e41cd9467\" id=\"forminator-field-phone-1_69e1e41cd9467-label\" class=\"forminator-label\">Telefone <span class=\"forminator-required\">*<\/span><\/label><input type=\"text\" name=\"phone-1\" value=\"\" placeholder=\"\" id=\"forminator-field-phone-1_69e1e41cd9467\" class=\"forminator-input forminator-field--phone\" data-required=\"1\" aria-required=\"true\" autocomplete=\"off\" data-validation=\"1\" \/><\/div><\/div><\/div><div class=\"forminator-row\"><div id=\"upload-1\" class=\"forminator-field-upload forminator-col forminator-col-12 \"><div class=\"forminator-field\"><label for=\"forminator-field-upload-1_69e1e41cd9467\" id=\"forminator-field-upload-1_69e1e41cd9467-label\" class=\"forminator-label\">Foto do documento<\/label><div class=\"forminator-file-upload \" data-element=\"upload-1_69e1e41cd9467\"><input type=\"file\" name=\"upload-1\" id=\"forminator-field-upload-1_69e1e41cd9467\" class=\"forminator-input-file\" accept=\".webp,.jpg,.jpeg,.jpe,.png\" tabindex=\"-1\"><button id=\"forminator-field-upload-1_69e1e41cd9467_button\" class=\"forminator-button forminator-button-upload\" data-id=\"forminator-field-upload-1_69e1e41cd9467\">Choisissez un fichier<\/button><span data-empty-text=\"Aucun fichier s\u00e9lectionn\u00e9\">Aucun fichier s\u00e9lectionn\u00e9<\/span><button class=\"forminator-button-delete\" style=\"display: none;\"><i class=\"forminator-icon-close\" aria-hidden=\"true\"><\/i><span class=\"forminator-screen-reader-only\">Supprimer le fichier t\u00e9l\u00e9vers\u00e9<\/span><\/button><\/div><\/div><\/div><\/div><input type=\"hidden\" name=\"referer_url\" value=\"\" \/><div class=\"forminator-row forminator-row-last\"><div class=\"forminator-col\"><div class=\"forminator-field\"><button class=\"forminator-button forminator-button-submit\">Pedir um or&ccedil;amento<\/button><\/div><\/div><\/div><input type=\"hidden\" id=\"forminator_nonce\" name=\"forminator_nonce\" value=\"a12f4d179f\" \/><input type=\"hidden\" name=\"_wp_http_referer\" value=\"\/index.php?rest_route=%2Fwp%2Fv2%2Fpages%2F796\" \/><input type=\"hidden\" name=\"form_id\" value=\"837\"><input type=\"hidden\" name=\"page_id\" value=\"796\"><input type=\"hidden\" name=\"form_type\" value=\"default\"><input type=\"hidden\" name=\"current_url\" value=\"https:\/\/www.kellenbillot.fr\/?page_id=796&#038;lang=pt-br\"><input type=\"hidden\" name=\"render_id\" value=\"0\"><input type=\"hidden\" name=\"action\" value=\"forminator_submit_form_custom-forms\"><\/form><\/p>\n<p>[\/et_pb_blurb][\/et_pb_column][\/et_pb_row][\/et_pb_section][et_pb_section fb_built=\u00a0\u00bb1&Prime; _builder_version=\u00a0\u00bb4.17.3&Prime; _module_preset=\u00a0\u00bbdefault\u00a0\u00bb global_colors_info=\u00a0\u00bb{}\u00a0\u00bb][\/et_pb_section]<\/p>\n","protected":false},"excerpt":{"rendered":"<p>Or\u00e7amento personalizado Um documento espec\u00edfico, servi\u00e7o de interpreta\u00e7\u00e3o e outros pedidos.Or\u00e7amento personalizado Um documento espec\u00edfico, servi\u00e7o de interpreta\u00e7\u00e3o e outros pedidos.<div class=\"forminator-ui forminator-custom-form forminator-custom-form-837 forminator-design--flat  forminator_ajax\" data-forminator-render=\"1\" data-form=\"forminator-module-837\" data-uid=\"69e1e41cde6fc\"><br\/><\/div><form\n\t\t\t\tid=\"forminator-module-837\"\n\t\t\t\tclass=\"forminator-ui forminator-custom-form forminator-custom-form-837 forminator-design--flat  forminator_ajax\"\n\t\t\t\tmethod=\"post\"\n\t\t\t\tdata-forminator-render=\"1\"\n\t\t\t\tdata-form-id=\"837\"\n\t\t\t\tenctype=\"multipart\/form-data\" data-color-option=\"default\" data-design=\"flat\" data-grid=\"open\" style=\"display: none;\"\n\t\t\t\tdata-uid=\"69e1e41cde6fc\"\n\t\t\t><div role=\"alert\" aria-live=\"polite\" class=\"forminator-response-message forminator-error\" aria-hidden=\"true\"><\/div><div class=\"forminator-row\"><div id=\"checkbox-1\" class=\"forminator-field-checkbox forminator-col forminator-col-12 \"><div role=\"group\" class=\"forminator-field required\" aria-labelledby=\"forminator-checkbox-group-forminator-field-checkbox-1-69e1e41cde6fc-label\"><span id=\"forminator-checkbox-group-forminator-field-checkbox-1-69e1e41cde6fc-label\" class=\"forminator-label\">Servi\u00e7os <span class=\"forminator-required\">*<\/span><\/span><label id=\"forminator-field-checkbox-1-1-69e1e41cde6fc-label\" for=\"forminator-field-checkbox-1-1-69e1e41cde6fc\" class=\"forminator-checkbox forminator-checkbox-inline\" title=\"Tradu\u00e7\u00e3o de documento\"><input type=\"checkbox\" name=\"checkbox-1[]\" value=\"Traduction-de-document\" id=\"forminator-field-checkbox-1-1-69e1e41cde6fc\" aria-labelledby=\"forminator-field-checkbox-1-1-69e1e41cde6fc-label\" data-calculation=\"0\"  \/><span class=\"forminator-checkbox-box\" aria-hidden=\"true\"><\/span><span class=\"forminator-checkbox-label\">Tradu\u00e7\u00e3o de documento<\/span><\/label><label id=\"forminator-field-checkbox-1-2-69e1e41cde6fc-label\" for=\"forminator-field-checkbox-1-2-69e1e41cde6fc\" class=\"forminator-checkbox forminator-checkbox-inline\" title=\"Interpreta\u00e7\u00e3o\"><input type=\"checkbox\" name=\"checkbox-1[]\" value=\"Interpr\u00e9tation\" id=\"forminator-field-checkbox-1-2-69e1e41cde6fc\" aria-labelledby=\"forminator-field-checkbox-1-2-69e1e41cde6fc-label\" data-calculation=\"0\"  \/><span class=\"forminator-checkbox-box\" aria-hidden=\"true\"><\/span><span class=\"forminator-checkbox-label\">Interpreta\u00e7\u00e3o<\/span><\/label><label id=\"forminator-field-checkbox-1-3-69e1e41cde6fc-label\" for=\"forminator-field-checkbox-1-3-69e1e41cde6fc\" class=\"forminator-checkbox forminator-checkbox-inline\" title=\"Cursos online\"><input type=\"checkbox\" name=\"checkbox-1[]\" value=\"Formation-\u00e0-distance\" id=\"forminator-field-checkbox-1-3-69e1e41cde6fc\" aria-labelledby=\"forminator-field-checkbox-1-3-69e1e41cde6fc-label\" data-calculation=\"0\"  \/><span class=\"forminator-checkbox-box\" aria-hidden=\"true\"><\/span><span class=\"forminator-checkbox-label\">Cursos online<\/span><\/label><label id=\"forminator-field-checkbox-1-4-69e1e41cde6fc-label\" for=\"forminator-field-checkbox-1-4-69e1e41cde6fc\" class=\"forminator-checkbox forminator-checkbox-inline\" title=\"Outros pedidos\"><input type=\"checkbox\" name=\"checkbox-1[]\" value=\"Autres-demandes\" id=\"forminator-field-checkbox-1-4-69e1e41cde6fc\" aria-labelledby=\"forminator-field-checkbox-1-4-69e1e41cde6fc-label\" data-calculation=\"0\"  \/><span class=\"forminator-checkbox-box\" aria-hidden=\"true\"><\/span><span class=\"forminator-checkbox-label\">Outros pedidos<\/span><\/label><\/div><\/div><\/div><div class=\"forminator-row\"><div id=\"textarea-1\" class=\"forminator-field-textarea forminator-col forminator-col-12 \"><div class=\"forminator-field\"><label for=\"forminator-field-textarea-1_69e1e41cde6fc\" id=\"forminator-field-textarea-1_69e1e41cde6fc-label\" class=\"forminator-label\">Mensagem <span class=\"forminator-required\">*<\/span><\/label><textarea name=\"textarea-1\" placeholder=\"\" id=\"forminator-field-textarea-1_69e1e41cde6fc\" class=\"forminator-textarea\" rows=\"6\" style=\"min-height:100px;\" maxlength=\"180\" ><\/textarea><span id=\"forminator-field-textarea-1_69e1e41cde6fc-description\" class=\"forminator-description\"><span data-limit=\"180\" data-type=\"characters\" data-editor=\"\">0 \/ 180<\/span><\/span><\/div><\/div><\/div><div class=\"forminator-row\"><div id=\"name-1\" class=\"forminator-field-name forminator-col forminator-col-12 \"><div class=\"forminator-row forminator-no-margin\" data-multiple=\"true\"><div class=\"forminator-col forminator-col-md-6\"><div class=\"forminator-field\"><label for=\"forminator-field-first-name-1_69e1e41cde6fc\" id=\"forminator-field-first-name-1_69e1e41cde6fc-label\" class=\"forminator-label\">Nome <span class=\"forminator-required\">*<\/span><\/label><input type=\"text\" name=\"name-1-first-name\" placeholder=\"\" id=\"forminator-field-first-name-1_69e1e41cde6fc\" class=\"forminator-input\" aria-required=\"true\" data-multi=\"1\" autocomplete=\"given-name\" value=\"\" \/><\/div><\/div><div class=\"forminator-col forminator-col-md-6\"><div class=\"forminator-field\"><label for=\"forminator-field-last-name-1_69e1e41cde6fc\" id=\"forminator-field-last-name-1_69e1e41cde6fc-label\" class=\"forminator-label\">Sobrenome <span class=\"forminator-required\">*<\/span><\/label><input type=\"text\" name=\"name-1-last-name\" placeholder=\"\" id=\"forminator-field-last-name-1_69e1e41cde6fc\" class=\"forminator-input\" aria-required=\"true\" data-multi=\"1\" autocomplete=\"family-name\" value=\"\" \/><\/div><\/div><\/div><\/div><\/div><div class=\"forminator-row\"><div id=\"email-1\" class=\"forminator-field-email forminator-col forminator-col-12 \"><div class=\"forminator-field\"><label for=\"forminator-field-email-1_69e1e41cde6fc\" id=\"forminator-field-email-1_69e1e41cde6fc-label\" class=\"forminator-label\">Email <span class=\"forminator-required\">*<\/span><\/label><input type=\"email\" name=\"email-1\" value=\"\" placeholder=\"\" id=\"forminator-field-email-1_69e1e41cde6fc\" class=\"forminator-input forminator-email--field\" data-required=\"true\" aria-required=\"true\" autocomplete=\"email\" \/><\/div><\/div><\/div><div class=\"forminator-row\"><div id=\"phone-1\" class=\"forminator-field-phone forminator-col forminator-col-12 \"><div class=\"forminator-field\"><label for=\"forminator-field-phone-1_69e1e41cde6fc\" id=\"forminator-field-phone-1_69e1e41cde6fc-label\" class=\"forminator-label\">Telefone <span class=\"forminator-required\">*<\/span><\/label><input type=\"text\" name=\"phone-1\" value=\"\" placeholder=\"\" id=\"forminator-field-phone-1_69e1e41cde6fc\" class=\"forminator-input forminator-field--phone\" data-required=\"1\" aria-required=\"true\" autocomplete=\"off\" data-validation=\"1\" \/><\/div><\/div><\/div><div class=\"forminator-row\"><div id=\"upload-1\" class=\"forminator-field-upload forminator-col forminator-col-12 \"><div class=\"forminator-field\"><label for=\"forminator-field-upload-1_69e1e41cde6fc\" id=\"forminator-field-upload-1_69e1e41cde6fc-label\" class=\"forminator-label\">Foto do documento<\/label><div class=\"forminator-file-upload \" data-element=\"upload-1_69e1e41cde6fc\"><input type=\"file\" name=\"upload-1\" id=\"forminator-field-upload-1_69e1e41cde6fc\" class=\"forminator-input-file\" accept=\".webp,.jpg,.jpeg,.jpe,.png\" tabindex=\"-1\"><button id=\"forminator-field-upload-1_69e1e41cde6fc_button\" class=\"forminator-button forminator-button-upload\" data-id=\"forminator-field-upload-1_69e1e41cde6fc\">Choisissez un fichier<\/button><span data-empty-text=\"Aucun fichier s\u00e9lectionn\u00e9\">Aucun fichier s\u00e9lectionn\u00e9<\/span><button class=\"forminator-button-delete\" style=\"display: none;\"><i class=\"forminator-icon-close\" aria-hidden=\"true\"><\/i><span class=\"forminator-screen-reader-only\">Supprimer le fichier t\u00e9l\u00e9vers\u00e9<\/span><\/button><\/div><\/div><\/div><\/div><input type=\"hidden\" name=\"referer_url\" value=\"\" \/><div class=\"forminator-row forminator-row-last\"><div class=\"forminator-col\"><div class=\"forminator-field\"><button class=\"forminator-button forminator-button-submit\">Pedir um or&ccedil;amento<\/button><\/div><\/div><\/div><input type=\"hidden\" id=\"forminator_nonce\" name=\"forminator_nonce\" value=\"a12f4d179f\" \/><input type=\"hidden\" name=\"_wp_http_referer\" value=\"\/index.php?rest_route=%2Fwp%2Fv2%2Fpages%2F796\" \/><input type=\"hidden\" name=\"form_id\" value=\"837\"><input type=\"hidden\" name=\"page_id\" value=\"796\"><input type=\"hidden\" name=\"form_type\" value=\"default\"><input type=\"hidden\" name=\"current_url\" value=\"https:\/\/www.kellenbillot.fr\/?page_id=796&#038;lang=pt-br\"><input type=\"hidden\" name=\"render_id\" value=\"1\"><input type=\"hidden\" name=\"action\" value=\"forminator_submit_form_custom-forms\"><\/form><\/p>\n","protected":false},"author":1,"featured_media":0,"parent":0,"menu_order":0,"comment_status":"closed","ping_status":"closed","template":"","meta":{"_et_pb_use_builder":"on","_et_pb_old_content":"","_et_gb_content_width":"","footnotes":""},"class_list":["post-796","page","type-page","status-publish","hentry"],"_links":{"self":[{"href":"https:\/\/www.kellenbillot.fr\/index.php?rest_route=\/wp\/v2\/pages\/796","targetHints":{"allow":["GET"]}}],"collection":[{"href":"https:\/\/www.kellenbillot.fr\/index.php?rest_route=\/wp\/v2\/pages"}],"about":[{"href":"https:\/\/www.kellenbillot.fr\/index.php?rest_route=\/wp\/v2\/types\/page"}],"author":[{"embeddable":true,"href":"https:\/\/www.kellenbillot.fr\/index.php?rest_route=\/wp\/v2\/users\/1"}],"replies":[{"embeddable":true,"href":"https:\/\/www.kellenbillot.fr\/index.php?rest_route=%2Fwp%2Fv2%2Fcomments&post=796"}],"version-history":[{"count":7,"href":"https:\/\/www.kellenbillot.fr\/index.php?rest_route=\/wp\/v2\/pages\/796\/revisions"}],"predecessor-version":[{"id":1091,"href":"https:\/\/www.kellenbillot.fr\/index.php?rest_route=\/wp\/v2\/pages\/796\/revisions\/1091"}],"wp:attachment":[{"href":"https:\/\/www.kellenbillot.fr\/index.php?rest_route=%2Fwp%2Fv2%2Fmedia&parent=796"}],"curies":[{"name":"wp","href":"https:\/\/api.w.org\/{rel}","templated":true}]}}