{"id":1078,"date":"2022-10-10T09:00:51","date_gmt":"2022-10-10T07:00:51","guid":{"rendered":"https:\/\/www.kellenbillot.fr\/?page_id=1078"},"modified":"2022-10-28T19:17:41","modified_gmt":"2022-10-28T17:17:41","slug":"politica-de-privacidade","status":"publish","type":"page","link":"https:\/\/www.kellenbillot.fr\/?page_id=1078&lang=pt-br","title":{"rendered":"Pol\u00edtica de Privacidade"},"content":{"rendered":"<p>[et_pb_section fb_built=\u00a0\u00bb1&Prime; admin_label=\u00a0\u00bbServices\u00a0\u00bb _builder_version=\u00a0\u00bb4.17.3&Prime; _module_preset=\u00a0\u00bbdefault\u00a0\u00bb background_color=\u00a0\u00bbrgba(0,0,0,0)\u00a0\u00bb z_index=\u00a0\u00bb10&Prime; custom_padding=\u00a0\u00bb20px||100px||false|false\u00a0\u00bb global_colors_info=\u00a0\u00bb{}\u00a0\u00bb][et_pb_row _builder_version=\u00a0\u00bb4.17.3&Prime; _module_preset=\u00a0\u00bbdefault\u00a0\u00bb background_color=\u00a0\u00bb#ffffff\u00a0\u00bb custom_padding=\u00a0\u00bb50px|40px||40px|false|true\u00a0\u00bb border_radii=\u00a0\u00bbon|10px|10px|10px|10px\u00a0\u00bb box_shadow_style=\u00a0\u00bbpreset1&Prime; box_shadow_color=\u00a0\u00bbrgba(12,113,195,0.13)\u00a0\u00bb global_colors_info=\u00a0\u00bb{}\u00a0\u00bb][et_pb_column type=\u00a0\u00bb4_4&Prime; _builder_version=\u00a0\u00bb4.16&Prime; _module_preset=\u00a0\u00bbdefault\u00a0\u00bb global_colors_info=\u00a0\u00bb{}\u00a0\u00bb][et_pb_text _builder_version=\u00a0\u00bb4.18.0&Prime; _module_preset=\u00a0\u00bbdefault\u00a0\u00bb text_font=\u00a0\u00bbPT Sans||||||||\u00a0\u00bb text_font_size=\u00a0\u00bb16px\u00a0\u00bb header_2_font=\u00a0\u00bbPlayfair Display|700|||||||\u00a0\u00bb header_2_text_align=\u00a0\u00bbcenter\u00a0\u00bb header_2_font_size=\u00a0\u00bb50px\u00a0\u00bb header_2_line_height=\u00a0\u00bb1.3em\u00a0\u00bb header_3_font=\u00a0\u00bbPlayfair Display|700|||||||\u00a0\u00bb header_3_text_align=\u00a0\u00bbcenter\u00a0\u00bb header_3_text_color=\u00a0\u00bb#2a3749&Prime; header_3_font_size=\u00a0\u00bb42px\u00a0\u00bb header_3_line_height=\u00a0\u00bb1.3em\u00a0\u00bb custom_margin=\u00a0\u00bb||||false|false\u00a0\u00bb header_2_font_size_tablet=\u00a0\u00bb32px\u00a0\u00bb header_2_font_size_phone=\u00a0\u00bb24px\u00a0\u00bb header_2_font_size_last_edited=\u00a0\u00bbon|phone\u00a0\u00bb locked=\u00a0\u00bboff\u00a0\u00bb global_colors_info=\u00a0\u00bb{}\u00a0\u00bb]<\/p>\n<h2 style=\"text-align: center;\">Pol\u00edtica de Privacidade<\/h2>\n<p>[\/et_pb_text][et_pb_text _builder_version=\u00a0\u00bb4.18.0&Prime; _module_preset=\u00a0\u00bbdefault\u00a0\u00bb text_font=\u00a0\u00bbPT Sans||||||||\u00a0\u00bb text_font_size=\u00a0\u00bb16px\u00a0\u00bb header_2_font=\u00a0\u00bbPlayfair Display|700|||||||\u00a0\u00bb header_2_text_align=\u00a0\u00bbcenter\u00a0\u00bb header_2_font_size=\u00a0\u00bb50px\u00a0\u00bb header_2_line_height=\u00a0\u00bb1.3em\u00a0\u00bb header_3_font=\u00a0\u00bbPlayfair Display|700|||||||\u00a0\u00bb header_3_text_align=\u00a0\u00bbcenter\u00a0\u00bb header_3_text_color=\u00a0\u00bb#2a3749&Prime; header_3_font_size=\u00a0\u00bb42px\u00a0\u00bb header_3_line_height=\u00a0\u00bb1.3em\u00a0\u00bb custom_margin=\u00a0\u00bb||||false|false\u00a0\u00bb hover_enabled=\u00a0\u00bb0&Prime; header_2_font_size_tablet=\u00a0\u00bb32px\u00a0\u00bb header_2_font_size_phone=\u00a0\u00bb24px\u00a0\u00bb header_2_font_size_last_edited=\u00a0\u00bbon|phone\u00a0\u00bb locked=\u00a0\u00bboff\u00a0\u00bb global_colors_info=\u00a0\u00bb{}\u00a0\u00bb sticky_enabled=\u00a0\u00bb0&Prime;]<\/p>\n<p><span style=\"font-weight: 400;\">A Empresa toma todas as medidas necess\u00e1rias para garantir a confidencialidade e seguran\u00e7a dos dados do Cliente coletados atrav\u00e9s do Site<\/span><\/p>\n<p><span style=\"font-weight: 400;\">As informa\u00e7\u00f5es e dados coletados pela Empresa quando o Cliente faz um pedido s\u00e3o necess\u00e1rios para o processamento adequado e para o acompanhamento dos pedidos e das rela\u00e7\u00f5es comerciais.<\/span><\/p>\n<p><span style=\"font-weight: 400;\">A natureza das opera\u00e7\u00f5es realizadas pela Empresa sobre dados pessoais s\u00e3o as seguintes: registro, consulta, organiza\u00e7\u00e3o e estrutura\u00e7\u00e3o, modifica\u00e7\u00e3o, compatibiliza\u00e7\u00e3o, compila\u00e7\u00e3o, obten\u00e7\u00e3o, comunica\u00e7\u00e3o por transmiss\u00e3o, supress\u00e3o, com a \u00fanica finalidade de gerenciar e comercializar seus pr\u00f3prios produtos. Estas podem ser transmitidas a empresas que contribuem com este relacionamento, tais como as respons\u00e1veis pela execu\u00e7\u00e3o de servi\u00e7os e pedidos para sua gest\u00e3o, execu\u00e7\u00e3o, entrega, processamento e pagamento.<\/span><\/p>\n<p><span style=\"font-weight: 400;\">Os cookies s\u00e3o utilizados de acordo com uma pol\u00edtica acess\u00edvel no site. O cliente reconhece e garante que est\u00e1 ciente desta pol\u00edtica.<\/span><\/p>\n<p><span style=\"font-weight: 400;\">Estas informa\u00e7\u00f5es e dados tamb\u00e9m s\u00e3o mantidos por no m\u00e1ximo tr\u00eas (3) anos ap\u00f3s sua \u00faltima resposta a nossas solicita\u00e7\u00f5es, para fins de seguran\u00e7a, a fim de cumprir com as obriga\u00e7\u00f5es legais e regulamentares e para permitir que a empresa melhore e personalize os servi\u00e7os oferecidos e as informa\u00e7\u00f5es enviadas.<\/span><\/p>\n<p><span style=\"font-weight: 400;\">Os bancos de dados criados pela empresa atrav\u00e9s da sociedade \u00ab\u00a0KELLEN BILLOT TRADUCTIONS\u00a0\u00bb s\u00e3o protegidos e est\u00e3o em conformidade com a legisla\u00e7\u00e3o europ\u00e9ia. O cliente pode restringir qualquer inser\u00e7\u00e3o e extra\u00e7\u00e3o de acordo com a op\u00e7\u00e3o no formul\u00e1rio de pedido. O cliente pode se opor a quaisquer cookies por seus pr\u00f3prios meios, independentemente do que a empresa possa fazer.<\/span><\/p>\n<p><span style=\"font-weight: 400;\">Cada parte contribui, de acordo com seus meios, para a seguran\u00e7a relativa \u00e0 prote\u00e7\u00e3o de dados pessoais; a empresa possui um delegado para a prote\u00e7\u00e3o de dados pessoais.<\/span><\/p>\n<p><span style=\"font-weight: 400;\">Em conformidade com a Lei francesa de prote\u00e7\u00e3o de dados de 6 de janeiro de 1978 e o Regulamento geral de prote\u00e7\u00e3o de dados n\u00b02016\/679 de 27 de abril de 2016, o Cliente tem o direito de acessar, modificar, retificar, opor-se e suprimir dados pessoais, bem como de limitar o tratamento de seus dados. Ele pode exercer este direito enviando seu pedido por e-mail para: contact@kellenbillot.fr, indicando seu sobrenome, nome, e-mail, endere\u00e7o e refer\u00eancia de cliente.<\/span><\/p>\n<h2><strong>Dados pessoais<\/strong><\/h2>\n<p><span style=\"font-weight: 400;\">A natureza das opera\u00e7\u00f5es realizadas sobre dados pessoais \u00e9 a seguinte: registro, consulta, organiza\u00e7\u00e3o e estrutura\u00e7\u00e3o, modifica\u00e7\u00e3o, compatibiliza\u00e7\u00e3o, compila\u00e7\u00e3o, coleta,\u00a0 comunica\u00e7\u00e3o por transmiss\u00e3o, supress\u00e3o, com a \u00fanica finalidade de gerenciar e comercializar seus pr\u00f3prios produtos.<\/span><\/p>\n<p><span style=\"font-weight: 400;\">Os cookies s\u00e3o utilizados de acordo com uma pol\u00edtica acess\u00edvel no site. O cliente reconhece e garante que est\u00e1 ciente desta pol\u00edtica.<\/span><\/p>\n<p><span style=\"font-weight: 400;\">Os bancos de dados criados pela empresa s\u00e3o protegidos e est\u00e3o em conformidade com a legisla\u00e7\u00e3o europ\u00e9ia. O cliente pode limitar qualquer inser\u00e7\u00e3o e remo\u00e7\u00e3o de acordo com a op\u00e7\u00e3o indicada no formul\u00e1rio de pedido. O cliente pode se opor a quaisquer cookies, por seus pr\u00f3prios meios, independentemente do que a empresa possa fazer.<\/span><\/p>\n<p><span style=\"font-weight: 400;\">Cada parte contribui, de acordo com seus meios, para a seguran\u00e7a da prote\u00e7\u00e3o de dados pessoais; a empresa possui um respons\u00e1vel pela prote\u00e7\u00e3o de dados pessoais.<\/span><\/p>\n<p><span style=\"font-weight: 400;\">A comunica\u00e7\u00e3o por Newsletter \u00e9 garantida em total conformidade com o RGPD (Regulamento Geral de Prote\u00e7\u00e3o de Dados) incluindo o direito de retifica\u00e7\u00e3o, o direito ao esquecimento, o direito de oposi\u00e7\u00e3o, o direito \u00e0 portabilidade e o direito de acesso.<\/span><\/p>\n<p>[\/et_pb_text][\/et_pb_column][\/et_pb_row][et_pb_row _builder_version=\u00a0\u00bb4.17.3&Prime; _module_preset=\u00a0\u00bbdefault\u00a0\u00bb global_colors_info=\u00a0\u00bb{}\u00a0\u00bb][et_pb_column type=\u00a0\u00bb4_4&Prime; _builder_version=\u00a0\u00bb4.17.3&Prime; _module_preset=\u00a0\u00bbdefault\u00a0\u00bb global_colors_info=\u00a0\u00bb{}\u00a0\u00bb][\/et_pb_column][\/et_pb_row][\/et_pb_section]<\/p>\n","protected":false},"excerpt":{"rendered":"<p>Pol\u00edtica de PrivacidadeA Empresa toma todas as medidas necess\u00e1rias para garantir a confidencialidade e seguran\u00e7a dos dados do Cliente coletados atrav\u00e9s do Site As informa\u00e7\u00f5es e dados coletados pela Empresa quando o Cliente faz um pedido s\u00e3o necess\u00e1rios para o processamento adequado e para o acompanhamento dos pedidos e das rela\u00e7\u00f5es comerciais. A natureza das [&hellip;]<\/p>\n","protected":false},"author":1,"featured_media":0,"parent":0,"menu_order":0,"comment_status":"closed","ping_status":"closed","template":"","meta":{"_et_pb_use_builder":"on","_et_pb_old_content":"","_et_gb_content_width":"","footnotes":""},"class_list":["post-1078","page","type-page","status-publish","hentry"],"_links":{"self":[{"href":"https:\/\/www.kellenbillot.fr\/index.php?rest_route=\/wp\/v2\/pages\/1078","targetHints":{"allow":["GET"]}}],"collection":[{"href":"https:\/\/www.kellenbillot.fr\/index.php?rest_route=\/wp\/v2\/pages"}],"about":[{"href":"https:\/\/www.kellenbillot.fr\/index.php?rest_route=\/wp\/v2\/types\/page"}],"author":[{"embeddable":true,"href":"https:\/\/www.kellenbillot.fr\/index.php?rest_route=\/wp\/v2\/users\/1"}],"replies":[{"embeddable":true,"href":"https:\/\/www.kellenbillot.fr\/index.php?rest_route=%2Fwp%2Fv2%2Fcomments&post=1078"}],"version-history":[{"count":8,"href":"https:\/\/www.kellenbillot.fr\/index.php?rest_route=\/wp\/v2\/pages\/1078\/revisions"}],"predecessor-version":[{"id":1137,"href":"https:\/\/www.kellenbillot.fr\/index.php?rest_route=\/wp\/v2\/pages\/1078\/revisions\/1137"}],"wp:attachment":[{"href":"https:\/\/www.kellenbillot.fr\/index.php?rest_route=%2Fwp%2Fv2%2Fmedia&parent=1078"}],"curies":[{"name":"wp","href":"https:\/\/api.w.org\/{rel}","templated":true}]}}