{"id":1065,"date":"2022-10-10T09:00:51","date_gmt":"2022-10-10T07:00:51","guid":{"rendered":"https:\/\/www.kellenbillot.fr\/?page_id=1065"},"modified":"2022-10-10T09:10:48","modified_gmt":"2022-10-10T07:10:48","slug":"politique-de-confidentialite","status":"publish","type":"page","link":"https:\/\/www.kellenbillot.fr\/?page_id=1065","title":{"rendered":"Politique de confidentialit\u00e9"},"content":{"rendered":"<p>[et_pb_section fb_built=\u00a0\u00bb1&Prime; admin_label=\u00a0\u00bbServices\u00a0\u00bb _builder_version=\u00a0\u00bb4.17.3&Prime; _module_preset=\u00a0\u00bbdefault\u00a0\u00bb background_color=\u00a0\u00bbrgba(0,0,0,0)\u00a0\u00bb z_index=\u00a0\u00bb10&Prime; custom_padding=\u00a0\u00bb20px||100px||false|false\u00a0\u00bb global_colors_info=\u00a0\u00bb{}\u00a0\u00bb theme_builder_area=\u00a0\u00bbpost_content\u00a0\u00bb][et_pb_row _builder_version=\u00a0\u00bb4.17.3&Prime; _module_preset=\u00a0\u00bbdefault\u00a0\u00bb background_color=\u00a0\u00bb#ffffff\u00a0\u00bb custom_padding=\u00a0\u00bb50px|40px||40px|false|true\u00a0\u00bb border_radii=\u00a0\u00bbon|10px|10px|10px|10px\u00a0\u00bb box_shadow_style=\u00a0\u00bbpreset1&Prime; box_shadow_color=\u00a0\u00bbrgba(12,113,195,0.13)\u00a0\u00bb global_colors_info=\u00a0\u00bb{}\u00a0\u00bb theme_builder_area=\u00a0\u00bbpost_content\u00a0\u00bb][et_pb_column type=\u00a0\u00bb4_4&Prime; _builder_version=\u00a0\u00bb4.16&Prime; _module_preset=\u00a0\u00bbdefault\u00a0\u00bb global_colors_info=\u00a0\u00bb{}\u00a0\u00bb theme_builder_area=\u00a0\u00bbpost_content\u00a0\u00bb][et_pb_text _builder_version=\u00a0\u00bb4.18.0&Prime; _module_preset=\u00a0\u00bbdefault\u00a0\u00bb text_font=\u00a0\u00bbPT Sans||||||||\u00a0\u00bb text_font_size=\u00a0\u00bb16px\u00a0\u00bb header_2_font=\u00a0\u00bbPlayfair Display|700|||||||\u00a0\u00bb header_2_text_align=\u00a0\u00bbcenter\u00a0\u00bb header_2_font_size=\u00a0\u00bb50px\u00a0\u00bb header_2_line_height=\u00a0\u00bb1.3em\u00a0\u00bb header_3_font=\u00a0\u00bbPlayfair Display|700|||||||\u00a0\u00bb header_3_text_align=\u00a0\u00bbcenter\u00a0\u00bb header_3_text_color=\u00a0\u00bb#2a3749&Prime; header_3_font_size=\u00a0\u00bb42px\u00a0\u00bb header_3_line_height=\u00a0\u00bb1.3em\u00a0\u00bb custom_margin=\u00a0\u00bb||||false|false\u00a0\u00bb hover_enabled=\u00a0\u00bb0&Prime; header_2_font_size_tablet=\u00a0\u00bb32px\u00a0\u00bb header_2_font_size_phone=\u00a0\u00bb24px\u00a0\u00bb header_2_font_size_last_edited=\u00a0\u00bbon|phone\u00a0\u00bb locked=\u00a0\u00bboff\u00a0\u00bb global_colors_info=\u00a0\u00bb{}\u00a0\u00bb theme_builder_area=\u00a0\u00bbpost_content\u00a0\u00bb sticky_enabled=\u00a0\u00bb0&Prime;]<\/p>\n<h2 style=\"text-align: center;\">Politique de confidentialit\u00e9<\/h2>\n<p>[\/et_pb_text][et_pb_text _builder_version=\u00a0\u00bb4.18.0&Prime; _module_preset=\u00a0\u00bbdefault\u00a0\u00bb text_font=\u00a0\u00bbPT Sans||||||||\u00a0\u00bb text_font_size=\u00a0\u00bb16px\u00a0\u00bb header_2_font=\u00a0\u00bbPlayfair Display|700|||||||\u00a0\u00bb header_2_text_align=\u00a0\u00bbcenter\u00a0\u00bb header_2_font_size=\u00a0\u00bb50px\u00a0\u00bb header_2_line_height=\u00a0\u00bb1.3em\u00a0\u00bb header_3_font=\u00a0\u00bbPlayfair Display|700|||||||\u00a0\u00bb header_3_text_align=\u00a0\u00bbcenter\u00a0\u00bb header_3_text_color=\u00a0\u00bb#2a3749&Prime; header_3_font_size=\u00a0\u00bb42px\u00a0\u00bb header_3_line_height=\u00a0\u00bb1.3em\u00a0\u00bb custom_margin=\u00a0\u00bb||||false|false\u00a0\u00bb hover_enabled=\u00a0\u00bb0&Prime; header_2_font_size_tablet=\u00a0\u00bb32px\u00a0\u00bb header_2_font_size_phone=\u00a0\u00bb24px\u00a0\u00bb header_2_font_size_last_edited=\u00a0\u00bbon|phone\u00a0\u00bb locked=\u00a0\u00bboff\u00a0\u00bb global_colors_info=\u00a0\u00bb{}\u00a0\u00bb theme_builder_area=\u00a0\u00bbpost_content\u00a0\u00bb sticky_enabled=\u00a0\u00bb0&Prime;]<\/p>\n<p>La Soci\u00e9t\u00e9 met en \u0153uvre tous les moyens pour assurer la confidentialit\u00e9 et la s\u00e9curit\u00e9 des donn\u00e9es collect\u00e9es aupr\u00e8s du Client par le biais du Site.<\/p>\n<p>Les informations et donn\u00e9es collect\u00e9es par la Soci\u00e9t\u00e9 lors de toute commande du Client sont n\u00e9cessaires au bon traitement et au suivi des commandes ainsi que des relations commerciales.<\/p>\n<p>La nature des op\u00e9rations r\u00e9alis\u00e9es par la Soci\u00e9t\u00e9 sur les donn\u00e9es personnelles sont les suivantes : enregistrement, consultation, organisation et structuration, modification, rapprochement, compilation, extraction, communication par transmission, effacement, pour les seules finalit\u00e9s de la gestion et de la commercialisation de ses propres produits. Elles peuvent \u00eatre transmises aux soci\u00e9t\u00e9s qui contribuent \u00e0 ces relations telles que celles charg\u00e9es de l\u2019ex\u00e9cution des services et commandes pour leur gestion, ex\u00e9cution, livraison, traitement et paiement.<\/p>\n<p>Des cookies sont utilis\u00e9s selon une politique accessible sur le site. Le client reconnait et garantit la bonne prise de connaissance de cette politique.<\/p>\n<p>Ces informations et donn\u00e9es sont \u00e9galement conserv\u00e9es, un maximum trois (3) ans apr\u00e8s votre derni\u00e8re r\u00e9ponse \u00e0 nos sollicitations, \u00e0 des fins de s\u00e9curit\u00e9, afin de respecter les obligations l\u00e9gales et r\u00e9glementaires et ainsi que pour permettre \u00e0 la Soci\u00e9t\u00e9 d\u2019am\u00e9liorer et de personnaliser les services propos\u00e9s et les informations adress\u00e9es.<\/p>\n<p>Les bases de donn\u00e9es constitu\u00e9es par la Soci\u00e9t\u00e9, \u00e0 travers la soci\u00e9t\u00e9 \u00ab\u00a0KELLEN BILLOT TRADUCTIONS\u00a0\u00bb sont prot\u00e9g\u00e9es et conformes au droit europ\u00e9en. Le client peut limiter toute insertion et toute extraction selon option figurant au bon de commande. Le client peut s\u2019opposer \u00e0 d\u2019\u00e9ventuels cookies, par ses propres moyens, ind\u00e9pendamment de ce que la soci\u00e9t\u00e9 peut faire.<\/p>\n<p>Chaque partie contribue, selon ses moyens, \u00e0 la s\u00e9curit\u00e9 relative \u00e0 la protection des donn\u00e9es personnelles ; la soci\u00e9t\u00e9 a un d\u00e9l\u00e9gu\u00e9 \u00e0 la protection des donn\u00e9es personnelles.<\/p>\n<p>Conform\u00e9ment \u00e0 la loi \u00ab Informatique et Libert\u00e9s \u00bb, du 6 Janvier 1978, et au R\u00e8glement G\u00e9n\u00e9ral sur la Protection des Donn\u00e9es n\u00b02016\/679, du 27 avril 2016, le Client dispose d\u2019un droit d\u2019acc\u00e8s, de modification, de rectification, d\u2019opposition, et de suppression des donn\u00e9es personnelles ainsi que de limitation du traitement de ces derni\u00e8res le concernant. Il pourra exercer ce droit en envoyant sa demande par mail \u00e0 :\u00a0contact@kellenbillot.fr, en indiquant ses noms, pr\u00e9noms, e-mail, adresse et r\u00e9f\u00e9rence client.<\/p>\n<h2>Donn\u00e9es personnelles<\/h2>\n<p>La nature des op\u00e9rations r\u00e9alis\u00e9es sur les donn\u00e9es personnelles sont les suivantes : enregistrement, consultation, organisation et structuration, modification, rapprochement, compilation, extraction, communication par transmission, effacement, pour les seules finalit\u00e9s de la gestion et de la commercialisation de ses propres produits.<\/p>\n<p>Des cookies sont utilis\u00e9s selon une politique accessible sur le site. Le client reconnait et garantit la bonne prise de connaissance de cette politique.<\/p>\n<p>Les bases de donn\u00e9es constitu\u00e9es par la soci\u00e9t\u00e9 sont prot\u00e9g\u00e9es et conformes au droit europ\u00e9en. Le client peut limiter toute insertion et toute extraction selon option figurant au bon de commande. Le client peut s\u2019opposer \u00e0 d\u2019\u00e9ventuels cookies, par ses propres moyens, ind\u00e9pendamment de ce que la soci\u00e9t\u00e9 peut faire.<\/p>\n<p>Chaque partie contribue, selon ses moyens, \u00e0 la s\u00e9curit\u00e9 relative \u00e0 la protection des donn\u00e9es personnelles ; la soci\u00e9t\u00e9 a un d\u00e9l\u00e9gu\u00e9 \u00e0 la protection des donn\u00e9es personnelles.<\/p>\n<p>La communication par Newsletter est garantie faite dans le respect int\u00e9gral du RGPD (r\u00e8glement g\u00e9n\u00e9ral de protection des donn\u00e9es ) dont le droit de rectification, le droit \u00e0 l\u2019oubli, le droit d\u2019opposition, le droit \u00e0 la portabilit\u00e9 et le droit d\u2019acc\u00e8s.<\/p>\n<p>[\/et_pb_text][\/et_pb_column][\/et_pb_row][et_pb_row _builder_version=\u00a0\u00bb4.17.3&Prime; _module_preset=\u00a0\u00bbdefault\u00a0\u00bb global_colors_info=\u00a0\u00bb{}\u00a0\u00bb theme_builder_area=\u00a0\u00bbpost_content\u00a0\u00bb][et_pb_column type=\u00a0\u00bb4_4&Prime; _builder_version=\u00a0\u00bb4.17.3&Prime; _module_preset=\u00a0\u00bbdefault\u00a0\u00bb global_colors_info=\u00a0\u00bb{}\u00a0\u00bb theme_builder_area=\u00a0\u00bbpost_content\u00a0\u00bb][\/et_pb_column][\/et_pb_row][\/et_pb_section]<\/p>\n","protected":false},"excerpt":{"rendered":"<p>Politique de confidentialit\u00e9La Soci\u00e9t\u00e9 met en \u0153uvre tous les moyens pour assurer la confidentialit\u00e9 et la s\u00e9curit\u00e9 des donn\u00e9es collect\u00e9es aupr\u00e8s du Client par le biais du Site. Les informations et donn\u00e9es collect\u00e9es par la Soci\u00e9t\u00e9 lors de toute commande du Client sont n\u00e9cessaires au bon traitement et au suivi des commandes ainsi que des [&hellip;]<\/p>\n","protected":false},"author":1,"featured_media":0,"parent":0,"menu_order":0,"comment_status":"closed","ping_status":"closed","template":"","meta":{"_et_pb_use_builder":"on","_et_pb_old_content":"<!-- wp:paragraph -->\n<p>La Soci\u00e9t\u00e9 met en \u0153uvre tous les moyens pour assurer la confidentialit\u00e9 et la s\u00e9curit\u00e9 des donn\u00e9es collect\u00e9es aupr\u00e8s du Client par le biais du Site.<\/p>\n<!-- \/wp:paragraph -->\n\n<!-- wp:paragraph -->\n<p>Les informations et donn\u00e9es collect\u00e9es par la Soci\u00e9t\u00e9 lors de toute commande du Client sont n\u00e9cessaires au bon traitement et au suivi des commandes ainsi que des relations commerciales.<\/p>\n<!-- \/wp:paragraph -->\n\n<!-- wp:paragraph -->\n<p>La nature des op\u00e9rations r\u00e9alis\u00e9es par la Soci\u00e9t\u00e9 sur les donn\u00e9es personnelles sont les suivantes : enregistrement, consultation, organisation et structuration, modification, rapprochement, compilation, extraction, communication par transmission, effacement, pour les seules finalit\u00e9s de la gestion et de la commercialisation de ses propres produits. Elles peuvent \u00eatre transmises aux soci\u00e9t\u00e9s qui contribuent \u00e0 ces relations telles que celles charg\u00e9es de l\u2019ex\u00e9cution des services et commandes pour leur gestion, ex\u00e9cution, livraison, traitement et paiement.<\/p>\n<!-- \/wp:paragraph -->\n\n<!-- wp:paragraph -->\n<p>Des cookies sont utilis\u00e9s selon une politique accessible sur le site. Le client reconnait et garantit la bonne prise de connaissance de cette politique.<\/p>\n<!-- \/wp:paragraph -->\n\n<!-- wp:paragraph -->\n<p>Ces informations et donn\u00e9es sont \u00e9galement conserv\u00e9es, un maximum trois (3) ans apr\u00e8s votre derni\u00e8re r\u00e9ponse \u00e0 nos sollicitations, \u00e0 des fins de s\u00e9curit\u00e9, afin de respecter les obligations l\u00e9gales et r\u00e9glementaires et ainsi que pour permettre \u00e0 la Soci\u00e9t\u00e9 d\u2019am\u00e9liorer et de personnaliser les services propos\u00e9s et les informations adress\u00e9es.<\/p>\n<!-- \/wp:paragraph -->\n\n<!-- wp:paragraph -->\n<p>Les bases de donn\u00e9es constitu\u00e9es par la Soci\u00e9t\u00e9, \u00e0 travers la soci\u00e9t\u00e9 \u00ab\u00a0KELLEN BILLOT TRADUCTIONS\u00a0\u00bb sont prot\u00e9g\u00e9es et conformes au droit europ\u00e9en. Le client peut limiter toute insertion et toute extraction selon option figurant au bon de commande. Le client peut s\u2019opposer \u00e0 d\u2019\u00e9ventuels cookies, par ses propres moyens, ind\u00e9pendamment de ce que la soci\u00e9t\u00e9 peut faire.<\/p>\n<!-- \/wp:paragraph -->\n\n<!-- wp:paragraph -->\n<p>Chaque partie contribue, selon ses moyens, \u00e0 la s\u00e9curit\u00e9 relative \u00e0 la protection des donn\u00e9es personnelles ; la soci\u00e9t\u00e9 a un d\u00e9l\u00e9gu\u00e9 \u00e0 la protection des donn\u00e9es personnelles.<\/p>\n<!-- \/wp:paragraph -->\n\n<!-- wp:paragraph -->\n<p>Conform\u00e9ment \u00e0 la loi \u00ab Informatique et Libert\u00e9s \u00bb, du 6 Janvier 1978, et au R\u00e8glement G\u00e9n\u00e9ral sur la Protection des Donn\u00e9es n\u00b02016\/679, du 27 avril 2016, le Client dispose d\u2019un droit d\u2019acc\u00e8s, de modification, de rectification, d\u2019opposition, et de suppression des donn\u00e9es personnelles ainsi que de limitation du traitement de ces derni\u00e8res le concernant. Il pourra exercer ce droit en envoyant sa demande par mail \u00e0 :\u00a0contact@kellenbillot.fr, en indiquant ses noms, pr\u00e9noms, e-mail, adresse et r\u00e9f\u00e9rence client.<\/p>\n<!-- \/wp:paragraph -->\n\n<!-- wp:heading -->\n<h2>Donn\u00e9es personnelles<\/h2>\n<!-- \/wp:heading -->\n\n<!-- wp:paragraph -->\n<p>La nature des op\u00e9rations r\u00e9alis\u00e9es sur les donn\u00e9es personnelles sont les suivantes : enregistrement, consultation, organisation et structuration, modification, rapprochement, compilation, extraction, communication par transmission, effacement, pour les seules finalit\u00e9s de la gestion et de la commercialisation de ses propres produits.<\/p>\n<!-- \/wp:paragraph -->\n\n<!-- wp:paragraph -->\n<p>Des cookies sont utilis\u00e9s selon une politique accessible sur le site. Le client reconnait et garantit la bonne prise de connaissance de cette politique.<\/p>\n<!-- \/wp:paragraph -->\n\n<!-- wp:paragraph -->\n<p>Les bases de donn\u00e9es constitu\u00e9es par la soci\u00e9t\u00e9 sont prot\u00e9g\u00e9es et conformes au droit europ\u00e9en. Le client peut limiter toute insertion et toute extraction selon option figurant au bon de commande. Le client peut s\u2019opposer \u00e0 d\u2019\u00e9ventuels cookies, par ses propres moyens, ind\u00e9pendamment de ce que la soci\u00e9t\u00e9 peut faire.<\/p>\n<!-- \/wp:paragraph -->\n\n<!-- wp:paragraph -->\n<p>Chaque partie contribue, selon ses moyens, \u00e0 la s\u00e9curit\u00e9 relative \u00e0 la protection des donn\u00e9es personnelles ; la soci\u00e9t\u00e9 a un d\u00e9l\u00e9gu\u00e9 \u00e0 la protection des donn\u00e9es personnelles.<\/p>\n<!-- \/wp:paragraph -->\n\n<!-- wp:paragraph -->\n<p>La communication par Newsletter est garantie faite dans le respect int\u00e9gral du RGPD (r\u00e8glement g\u00e9n\u00e9ral de protection des donn\u00e9es ) dont le droit de rectification, le droit \u00e0 l\u2019oubli, le droit d\u2019opposition, le droit \u00e0 la portabilit\u00e9 et le droit d\u2019acc\u00e8s.<\/p>\n<!-- \/wp:paragraph -->","_et_gb_content_width":"","footnotes":""},"class_list":["post-1065","page","type-page","status-publish","hentry"],"_links":{"self":[{"href":"https:\/\/www.kellenbillot.fr\/index.php?rest_route=\/wp\/v2\/pages\/1065","targetHints":{"allow":["GET"]}}],"collection":[{"href":"https:\/\/www.kellenbillot.fr\/index.php?rest_route=\/wp\/v2\/pages"}],"about":[{"href":"https:\/\/www.kellenbillot.fr\/index.php?rest_route=\/wp\/v2\/types\/page"}],"author":[{"embeddable":true,"href":"https:\/\/www.kellenbillot.fr\/index.php?rest_route=\/wp\/v2\/users\/1"}],"replies":[{"embeddable":true,"href":"https:\/\/www.kellenbillot.fr\/index.php?rest_route=%2Fwp%2Fv2%2Fcomments&post=1065"}],"version-history":[{"count":4,"href":"https:\/\/www.kellenbillot.fr\/index.php?rest_route=\/wp\/v2\/pages\/1065\/revisions"}],"predecessor-version":[{"id":1069,"href":"https:\/\/www.kellenbillot.fr\/index.php?rest_route=\/wp\/v2\/pages\/1065\/revisions\/1069"}],"wp:attachment":[{"href":"https:\/\/www.kellenbillot.fr\/index.php?rest_route=%2Fwp%2Fv2%2Fmedia&parent=1065"}],"curies":[{"name":"wp","href":"https:\/\/api.w.org\/{rel}","templated":true}]}}