{"id":1059,"date":"2022-10-10T08:31:17","date_gmt":"2022-10-10T06:31:17","guid":{"rendered":"https:\/\/www.kellenbillot.fr\/?page_id=1059"},"modified":"2022-10-10T08:44:04","modified_gmt":"2022-10-10T06:44:04","slug":"mention-legales","status":"publish","type":"page","link":"https:\/\/www.kellenbillot.fr\/?page_id=1059","title":{"rendered":"Mention L\u00e9gales"},"content":{"rendered":"<p>[et_pb_section fb_built=\u00a0\u00bb1&Prime; admin_label=\u00a0\u00bbServices\u00a0\u00bb _builder_version=\u00a0\u00bb4.17.3&Prime; _module_preset=\u00a0\u00bbdefault\u00a0\u00bb background_color=\u00a0\u00bbrgba(0,0,0,0)\u00a0\u00bb z_index=\u00a0\u00bb10&Prime; custom_padding=\u00a0\u00bb20px||100px||false|false\u00a0\u00bb global_colors_info=\u00a0\u00bb{}\u00a0\u00bb theme_builder_area=\u00a0\u00bbpost_content\u00a0\u00bb][et_pb_row _builder_version=\u00a0\u00bb4.17.3&Prime; _module_preset=\u00a0\u00bbdefault\u00a0\u00bb background_color=\u00a0\u00bb#ffffff\u00a0\u00bb custom_padding=\u00a0\u00bb50px|40px||40px|false|true\u00a0\u00bb border_radii=\u00a0\u00bbon|10px|10px|10px|10px\u00a0\u00bb box_shadow_style=\u00a0\u00bbpreset1&Prime; box_shadow_color=\u00a0\u00bbrgba(12,113,195,0.13)\u00a0\u00bb global_colors_info=\u00a0\u00bb{}\u00a0\u00bb theme_builder_area=\u00a0\u00bbpost_content\u00a0\u00bb][et_pb_column type=\u00a0\u00bb4_4&Prime; _builder_version=\u00a0\u00bb4.16&Prime; _module_preset=\u00a0\u00bbdefault\u00a0\u00bb global_colors_info=\u00a0\u00bb{}\u00a0\u00bb theme_builder_area=\u00a0\u00bbpost_content\u00a0\u00bb][et_pb_text _builder_version=\u00a0\u00bb4.18.0&Prime; _module_preset=\u00a0\u00bbdefault\u00a0\u00bb text_font=\u00a0\u00bbPT Sans||||||||\u00a0\u00bb text_font_size=\u00a0\u00bb16px\u00a0\u00bb header_2_font=\u00a0\u00bbPlayfair Display|700|||||||\u00a0\u00bb header_2_text_align=\u00a0\u00bbcenter\u00a0\u00bb header_2_font_size=\u00a0\u00bb50px\u00a0\u00bb header_2_line_height=\u00a0\u00bb1.3em\u00a0\u00bb header_3_font=\u00a0\u00bbPlayfair Display|700|||||||\u00a0\u00bb header_3_text_align=\u00a0\u00bbcenter\u00a0\u00bb header_3_text_color=\u00a0\u00bb#2a3749&Prime; header_3_font_size=\u00a0\u00bb42px\u00a0\u00bb header_3_line_height=\u00a0\u00bb1.3em\u00a0\u00bb custom_margin=\u00a0\u00bb||||false|false\u00a0\u00bb hover_enabled=\u00a0\u00bb0&Prime; header_2_font_size_tablet=\u00a0\u00bb32px\u00a0\u00bb header_2_font_size_phone=\u00a0\u00bb24px\u00a0\u00bb header_2_font_size_last_edited=\u00a0\u00bbon|phone\u00a0\u00bb locked=\u00a0\u00bboff\u00a0\u00bb global_colors_info=\u00a0\u00bb{}\u00a0\u00bb theme_builder_area=\u00a0\u00bbpost_content\u00a0\u00bb sticky_enabled=\u00a0\u00bb0&Prime;]<\/p>\n<h2 style=\"text-align: center;\">Mentions L\u00e9gales<\/h2>\n<p>[\/et_pb_text][et_pb_text _builder_version=\u00a0\u00bb4.18.0&Prime; _module_preset=\u00a0\u00bbdefault\u00a0\u00bb text_font=\u00a0\u00bbPT Sans||||||||\u00a0\u00bb text_font_size=\u00a0\u00bb16px\u00a0\u00bb header_2_font=\u00a0\u00bbPlayfair Display|700|||||||\u00a0\u00bb header_2_text_align=\u00a0\u00bbcenter\u00a0\u00bb header_2_font_size=\u00a0\u00bb50px\u00a0\u00bb header_2_line_height=\u00a0\u00bb1.3em\u00a0\u00bb header_3_font=\u00a0\u00bbPlayfair Display|700|||||||\u00a0\u00bb header_3_text_align=\u00a0\u00bbcenter\u00a0\u00bb header_3_text_color=\u00a0\u00bb#2a3749&Prime; header_3_font_size=\u00a0\u00bb42px\u00a0\u00bb header_3_line_height=\u00a0\u00bb1.3em\u00a0\u00bb custom_margin=\u00a0\u00bb||||false|false\u00a0\u00bb hover_enabled=\u00a0\u00bb0&Prime; header_2_font_size_tablet=\u00a0\u00bb32px\u00a0\u00bb header_2_font_size_phone=\u00a0\u00bb24px\u00a0\u00bb header_2_font_size_last_edited=\u00a0\u00bbon|phone\u00a0\u00bb locked=\u00a0\u00bboff\u00a0\u00bb global_colors_info=\u00a0\u00bb{}\u00a0\u00bb theme_builder_area=\u00a0\u00bbpost_content\u00a0\u00bb sticky_enabled=\u00a0\u00bb0&Prime;]<strong>Editeur<\/strong><\/p>\n<p>Le Site Internet www.kellenbillot.fr est \u00e9dit\u00e9 par la soci\u00e9t\u00e9 KELLEN BILLOT TRADUCTIONS dont le si\u00e8ge social est au 52 Boulevard S\u00e9bastopol, 75003, Paris, France, inscrite au registre du Commerce et des Soci\u00e9t\u00e9s de Paris sous le num\u00e9ro 000 000 000. Pour tout contact, vous pouvez envoyer un courriel \u00e0 l\u2019adresse suivante contact@kellenbillot.fr<\/p>\n<p><strong>Cr\u00e9ation du site<\/strong><\/p>\n<p>Webmaster Drieli Luz<\/p>\n<p><strong>Fournisseur d\u2019h\u00e9bergement<\/strong><\/p>\n<p>Le Site est h\u00e9berg\u00e9 par la soci\u00e9t\u00e9 : OVH Adresse : 2, rue Kellermann BP 80157 59053 ROUBAIX Cedex 1 Email: support@ovh.com T\u00e9l. : +33 (0)8 203 203 63 Num\u00e9ro d\u2019immatriculation au Registre du Commerce et des Soci\u00e9t\u00e9s de Lille : B 424 761 419<\/p>\n<p>Conform\u00e9ment \u00e0 la loi du 6 janvier 1978 modifi\u00e9e par la loi du 6 ao\u00fbt 2004, l\u2019Utilisateur dispose d\u2019un droit d\u2019acc\u00e8s et de rectification des donn\u00e9es personnelles le concernant figurant dans les fichiers de KELLEN BILLOT TRADUCTIONS. Toute demande doit \u00eatre adress\u00e9e par e-mail \u00e0 : contact@kellenbillot.fr ou par courrier \u00e0 l\u2019adresse suivante : KELLEN BILLOT TRADUCTIONS, 52 Boulevard S\u00e9bastopol, 75003 Paris \u2013 France<\/p>\n<p>Toute personne se connectant sur le site www.kellenbillot.fr se voit appliquer les Conditions d\u2019Utilisation du site internet.[\/et_pb_text][\/et_pb_column][\/et_pb_row][et_pb_row _builder_version=\u00a0\u00bb4.17.3&Prime; _module_preset=\u00a0\u00bbdefault\u00a0\u00bb global_colors_info=\u00a0\u00bb{}\u00a0\u00bb theme_builder_area=\u00a0\u00bbpost_content\u00a0\u00bb][et_pb_column type=\u00a0\u00bb4_4&Prime; _builder_version=\u00a0\u00bb4.17.3&Prime; _module_preset=\u00a0\u00bbdefault\u00a0\u00bb global_colors_info=\u00a0\u00bb{}\u00a0\u00bb theme_builder_area=\u00a0\u00bbpost_content\u00a0\u00bb][\/et_pb_column][\/et_pb_row][\/et_pb_section]<\/p>\n","protected":false},"excerpt":{"rendered":"<p>Mentions L\u00e9galesEditeur Le Site Internet www.kellenbillot.fr est \u00e9dit\u00e9 par la soci\u00e9t\u00e9 KELLEN BILLOT TRADUCTIONS dont le si\u00e8ge social est au 52 Boulevard S\u00e9bastopol, 75003, Paris, France, inscrite au registre du Commerce et des Soci\u00e9t\u00e9s de Paris sous le num\u00e9ro 000 000 000. Pour tout contact, vous pouvez envoyer un courriel \u00e0 l\u2019adresse suivante contact@kellenbillot.fr Cr\u00e9ation [&hellip;]<\/p>\n","protected":false},"author":1,"featured_media":0,"parent":0,"menu_order":0,"comment_status":"closed","ping_status":"closed","template":"","meta":{"_et_pb_use_builder":"on","_et_pb_old_content":"<!-- wp:paragraph -->\n<p><strong>Editeur<\/strong><br>Le Site Internet www.kellenbillot.fr est \u00e9dit\u00e9 par la soci\u00e9t\u00e9 KELLEN BILLOT TRADUCTIONS dont le si\u00e8ge social est au 52 Boulevard S\u00e9bastopol, 75003, Paris, France, inscrite au registre du Commerce et des Soci\u00e9t\u00e9s de Paris sous le num\u00e9ro 000 000 000. Pour tout contact, vous pouvez envoyer un courriel \u00e0 l\u2019adresse suivante contact@kellenbillot.fr<\/p>\n<!-- \/wp:paragraph -->\n\n<!-- wp:paragraph -->\n<p><strong>Cr\u00e9ation du site<br><\/strong>Webmaster Drieli Luz<\/p>\n<!-- \/wp:paragraph -->\n\n<!-- wp:paragraph -->\n<p><strong>Fournisseur d\u2019h\u00e9bergement<br><\/strong>Le Site est h\u00e9berg\u00e9 par la soci\u00e9t\u00e9 : OVH Adresse : 2, rue Kellermann BP 80157 59053 ROUBAIX Cedex 1 Email: support@ovh.com T\u00e9l. : +33 (0)8 203 203 63 Num\u00e9ro d\u2019immatriculation au Registre du Commerce et des Soci\u00e9t\u00e9s de Lille : B 424 761 419<\/p>\n<!-- \/wp:paragraph -->\n\n<!-- wp:paragraph -->\n<p>Conform\u00e9ment \u00e0 la loi du 6 janvier 1978 modifi\u00e9e par la loi du 6 ao\u00fbt 2004, l\u2019Utilisateur dispose d\u2019un droit d\u2019acc\u00e8s et de rectification des donn\u00e9es personnelles le concernant figurant dans les fichiers de KELLEN BILLOT TRADUCTIONS. Toute demande doit \u00eatre adress\u00e9e par e-mail \u00e0 : contact@kellenbillot.fr ou par courrier \u00e0 l\u2019adresse suivante : KELLEN BILLOT TRADUCTIONS, 52 Boulevard S\u00e9bastopol, 75003 Paris \u2013 France<\/p>\n<!-- \/wp:paragraph -->\n\n<!-- wp:paragraph -->\n<p>Toute personne se connectant sur le site www.kellenbillot.fr se voit appliquer les Conditions d\u2019Utilisation du site internet.<\/p>\n<!-- \/wp:paragraph -->","_et_gb_content_width":"","footnotes":""},"class_list":["post-1059","page","type-page","status-publish","hentry"],"_links":{"self":[{"href":"https:\/\/www.kellenbillot.fr\/index.php?rest_route=\/wp\/v2\/pages\/1059","targetHints":{"allow":["GET"]}}],"collection":[{"href":"https:\/\/www.kellenbillot.fr\/index.php?rest_route=\/wp\/v2\/pages"}],"about":[{"href":"https:\/\/www.kellenbillot.fr\/index.php?rest_route=\/wp\/v2\/types\/page"}],"author":[{"embeddable":true,"href":"https:\/\/www.kellenbillot.fr\/index.php?rest_route=\/wp\/v2\/users\/1"}],"replies":[{"embeddable":true,"href":"https:\/\/www.kellenbillot.fr\/index.php?rest_route=%2Fwp%2Fv2%2Fcomments&post=1059"}],"version-history":[{"count":4,"href":"https:\/\/www.kellenbillot.fr\/index.php?rest_route=\/wp\/v2\/pages\/1059\/revisions"}],"predecessor-version":[{"id":1064,"href":"https:\/\/www.kellenbillot.fr\/index.php?rest_route=\/wp\/v2\/pages\/1059\/revisions\/1064"}],"wp:attachment":[{"href":"https:\/\/www.kellenbillot.fr\/index.php?rest_route=%2Fwp%2Fv2%2Fmedia&parent=1059"}],"curies":[{"name":"wp","href":"https:\/\/api.w.org\/{rel}","templated":true}]}}